
{"id":881,"date":"2018-05-29T11:11:20","date_gmt":"2018-05-29T11:11:20","guid":{"rendered":"http:\/\/xtratheme.com\/default\/?page_id=7"},"modified":"2022-04-07T20:28:33","modified_gmt":"2022-04-07T18:28:33","slug":"about-us","status":"publish","type":"page","link":"http:\/\/aquaservices-bj.com\/index.php\/about-us\/","title":{"rendered":"About Us"},"content":{"rendered":"<p>[vc_row][vc_column][vc_column_text]La logistique est la gestion rationnelle d\u2019une activit\u00e9 ou d\u2019une op\u00e9ration qui doit aboutir \u00e0 la satisfaction du client et ce, \u00e0 travers un gain de temps et d\u2019argent pour celui-ci.<br \/>\nDe ce fait, la logistique dont Aqua services a fait son activit\u00e9, devient un des facteurs majeurs de la comp\u00e9titivit\u00e9 des partenaires qui nous font appel, tant pour la ma\u00eetrise des co\u00fbts que pour celle des niveaux de services, avec une panoplie de services d\u00e9di\u00e9s, dont fait partie le transport. Le transport routier est un pilier tr\u00e8s important pour atteindre les objectifs logistiques car il permet de livrer la marchandise chez le client et par cons\u00e9quent au consommateur final. Ainsi, vu les exigences des clients en mati\u00e8re de s\u00e9curit\u00e9, qualit\u00e9 de service et respect des d\u00e9lais de livraison pour le transport de leurs marchandises, il faut un partenaire de qualit\u00e9 qui par son professionnalisme permet d\u2019atteindre les objectifs assign\u00e9s. C\u2019est dans cette optique que nous, Aqua services, avons d\u00e9cid\u00e9 d\u2019int\u00e9grer le paysage du transport, de la logistique et de la manutention en au B\u00e9nin. Nous avons pour ambition d\u2019en devenir un acteur majeur et avons la pr\u00e9tention d\u2019en devenir un jour le leader.[\/vc_column_text][\/vc_column][\/vc_row]<\/p>\n","protected":false},"excerpt":{"rendered":"<p>[vc_row][vc_column][vc_column_text]La logistique est la gestion rationnelle d\u2019une activit\u00e9 ou d\u2019une op\u00e9ration &#8230; <\/p>\n","protected":false},"author":1,"featured_media":0,"parent":0,"menu_order":0,"comment_status":"closed","ping_status":"closed","template":"","meta":[],"_links":{"self":[{"href":"http:\/\/aquaservices-bj.com\/index.php\/wp-json\/wp\/v2\/pages\/881"}],"collection":[{"href":"http:\/\/aquaservices-bj.com\/index.php\/wp-json\/wp\/v2\/pages"}],"about":[{"href":"http:\/\/aquaservices-bj.com\/index.php\/wp-json\/wp\/v2\/types\/page"}],"author":[{"embeddable":true,"href":"http:\/\/aquaservices-bj.com\/index.php\/wp-json\/wp\/v2\/users\/1"}],"replies":[{"embeddable":true,"href":"http:\/\/aquaservices-bj.com\/index.php\/wp-json\/wp\/v2\/comments?post=881"}],"version-history":[{"count":2,"href":"http:\/\/aquaservices-bj.com\/index.php\/wp-json\/wp\/v2\/pages\/881\/revisions"}],"predecessor-version":[{"id":1334,"href":"http:\/\/aquaservices-bj.com\/index.php\/wp-json\/wp\/v2\/pages\/881\/revisions\/1334"}],"wp:attachment":[{"href":"http:\/\/aquaservices-bj.com\/index.php\/wp-json\/wp\/v2\/media?parent=881"}],"curies":[{"name":"wp","href":"https:\/\/api.w.org\/{rel}","templated":true}]}}